{"id":1734,"date":"2018-08-20T13:33:51","date_gmt":"2018-08-20T12:33:51","guid":{"rendered":"https:\/\/portoexitgames.com\/?page_id=1734"},"modified":"2018-10-04T12:02:19","modified_gmt":"2018-10-04T11:02:19","slug":"faq","status":"publish","type":"page","link":"https:\/\/portoexitgames.com\/es\/faq\/","title":{"rendered":"FAQ"},"content":{"rendered":"[vc_row type=\u00bbfull_width_background\u00bb full_screen_row_position=\u00bbmiddle\u00bb bg_color=\u00bb#333333&#8243; scene_position=\u00bbcenter\u00bb text_color=\u00bbdark\u00bb text_align=\u00bbleft\u00bb overlay_strength=\u00bb0.3&#8243; shape_divider_position=\u00bbbottom\u00bb][vc_column column_padding=\u00bbno-extra-padding\u00bb column_padding_position=\u00bball\u00bb background_color_opacity=\u00bb1&#8243; background_hover_color_opacity=\u00bb1&#8243; column_link_target=\u00bb_self\u00bb column_shadow=\u00bbnone\u00bb column_border_radius=\u00bbnone\u00bb width=\u00bb1\/1&#8243; tablet_width_inherit=\u00bbdefault\u00bb tablet_text_alignment=\u00bbdefault\u00bb phone_text_alignment=\u00bbdefault\u00bb column_border_width=\u00bbnone\u00bb column_border_style=\u00bbsolid\u00bb][divider line_type=\u00bbNo Line\u00bb custom_height=\u00bb40&#8243;][\/vc_column][\/vc_row][vc_row type=\u00bbfull_width_background\u00bb full_screen_row_position=\u00bbmiddle\u00bb bg_color=\u00bb#333333&#8243; scene_position=\u00bbcenter\u00bb text_color=\u00bblight\u00bb text_align=\u00bbleft\u00bb overlay_strength=\u00bb0.3&#8243; shape_divider_position=\u00bbbottom\u00bb shape_type=\u00bb\u00bb][vc_column column_padding=\u00bbno-extra-padding\u00bb column_padding_position=\u00bball\u00bb background_color_opacity=\u00bb1&#8243; background_hover_color_opacity=\u00bb1&#8243; column_link_target=\u00bb_self\u00bb column_shadow=\u00bbnone\u00bb column_border_radius=\u00bbnone\u00bb width=\u00bb1\/2&#8243; tablet_width_inherit=\u00bbdefault\u00bb tablet_text_alignment=\u00bbdefault\u00bb phone_text_alignment=\u00bbdefault\u00bb column_border_width=\u00bbnone\u00bb column_border_style=\u00bbsolid\u00bb][toggles style=\u00bbminimal\u00bb accordion=\u00bbtrue\u00bb][toggle color=\u00bbAccent-Color\u00bb title=\u00bbO que \u00e9 um Escape Game?\u00bb][vc_column_text]\n<p>O conceito \u201cescape game\u201d surgiu nos jogos de computador, em pequenos jogos em que para sair de uma sala o jogador tem que encontrar objectos, pistas, compartimentos secretos, resolver enigmas at\u00e9 encontrar a chave que lhe permita abrir a porta e sair.<\/p>\n[\/vc_column_text][\/toggle][toggle color=\u00bbAccent-Color\u00bb title=\u00bbO que acontece se chegar atrasado?\u00bb][vc_column_text]\n<p>Os jogos devem come\u00e7ar pontualmente \u00e0 hora marcada para n\u00e3o prejudicar os horarios dos jogos seguintes. Se chegares atrasado n\u00e3o poder\u00e1s participar e n\u00e3o podemos realizar devolu\u00e7\u00f5es.<\/p>\n[\/vc_column_text][\/toggle][toggle color=\u00bbAccent-Color\u00bb title=\u00bbQual a dura\u00e7\u00e3o do jogo?\u00bb][vc_column_text]\n<p>O jogo em si demora 60 minutos, no entanto necessitamos de 15 minutos extra para briefing.<\/p>\n[\/vc_column_text][\/toggle][toggle color=\u00bbAccent-Color\u00bb title=\u00bbNecessito saber falar Portugu\u00eas ou Ingl\u00eas para jogar?\u00bb][vc_column_text]\n<p>Qualquer pessoa de qualquer pa\u00eds pode jogar os nossos jogos pois estes n\u00e3o t\u00eam conte\u00fados em nenhuma lingua. Apenas necessitas de conseguir ver, ouvir e tocar.<\/p>\n[\/vc_column_text][\/toggle][toggle color=\u00bbAccent-Color\u00bb title=\u00bbTenho de saber matem\u00e1tica, f\u00edsica ou qu\u00edmica para jogar?\u00bb][vc_column_text]\n<p>Nada disso!! S\u00f3 precisas de ter espirito aventureiro e juntar os pontos para chegares \u00e0s solu\u00e7\u00f5es dos desafios.<\/p>\n[\/vc_column_text][\/toggle][toggle color=\u00bbAccent-Color\u00bb title=\u00bbPorque devo manter segredo sobre a resolu\u00e7\u00e3o do jogo?\u00bb][vc_column_text]\n<p>Porque se revelares a resolu\u00e7\u00e3o dos puzzles est\u00e1s a estragar jogo aos teus amigos.<\/p>\n[\/vc_column_text][\/toggle][toggle color=\u00bbAccent-Color\u00bb title=\u00bbSou claustrof\u00f3bico, posso jogar?\u00bb][vc_column_text]\n<p>Absolutamente! Nenhuma sala te restringe fisicamente e tens um bot\u00e3o de p\u00e2nico que te permite sair a qualquer momento. Salientamos tamb\u00e9m que ningu\u00e9m est\u00e1 amarrado duranto o jogo.<\/p>\n[\/vc_column_text][\/toggle][toggle color=\u00bbAccent-Color\u00bb title=\u00bbNecessito de trazer roupa especial?\u00bb][vc_column_text]\n<p>Podes vir com a tua roupa normal do dia-a-dia.<\/p>\n[\/vc_column_text][\/toggle][toggle color=\u00bbAccent-Color\u00bb title=\u00bbN\u00e3o tenho muita for\u00e7a, consigo jogar?\u00bb][vc_column_text]\n<p><strong>Sim. Para a resolu\u00e7\u00e3o dos puzzles s\u00f3 necessitas de ter a for\u00e7a de uma crian\u00e7a de 5 anos \ud83d\ude42<\/strong><\/p>\n[\/vc_column_text][\/toggle][toggle color=\u00bbAccent-Color\u00bb title=\u00bbPosso tirar fotografias?\u00bb][vc_column_text]\n<p>N\u00e3o! Qualquer dispositivo eletronico que permita tirar fotografias dever\u00e1 ficar guardado no cofre da recep\u00e7\u00e3o.<\/p>\n[\/vc_column_text][\/toggle][toggle color=\u00bbAccent-Color\u00bb title=\u00bbPorqu\u00ea experimentar esta atividade?\u00bb][vc_column_text]\n<p>Os nossos jogos s\u00e3o excelentes atividades para amigos, colegas, fam\u00edlias&#8230;\u00a0at\u00e9 com desconhecidos! Se est\u00e1s \u00e0 procura de algo diferente do normal como ir ao cinema ou ir a um bar ent\u00e3o a Porto Exit Game \u00e9 uma aposta segura. Aparece e v\u00ea com os teus olhos.<\/p>\n[\/vc_column_text][\/toggle][\/toggles][\/vc_column][vc_column column_padding=\u00bbno-extra-padding\u00bb column_padding_position=\u00bball\u00bb background_color_opacity=\u00bb1&#8243; background_hover_color_opacity=\u00bb1&#8243; column_link_target=\u00bb_self\u00bb column_shadow=\u00bbnone\u00bb column_border_radius=\u00bbnone\u00bb width=\u00bb1\/2&#8243; tablet_width_inherit=\u00bbdefault\u00bb tablet_text_alignment=\u00bbdefault\u00bb phone_text_alignment=\u00bbdefault\u00bb column_border_width=\u00bbnone\u00bb column_border_style=\u00bbsolid\u00bb][toggles style=\u00bbminimal\u00bb accordion=\u00bbtrue\u00bb][toggle color=\u00bbAccent-Color\u00bb title=\u00bbPorque jogar na Porto Exit Games?\u00bb][vc_column_text]\n<p>Porque oferecemos a experi\u00eancia mais desafiante da cidade do Porto aliando desafios e jogos originais \u00e0 elementos e temas tipicamente Portuenses.<\/p>\n[\/vc_column_text][\/toggle][toggle color=\u00bbAccent-Color\u00bb title=\u00bbPosso comprar vouchers?\u00bb][vc_column_text]Envia-nos um email para hello@portoexitgames.com e entraremos em contacto contigo.[\/vc_column_text][\/toggle][toggle color=\u00bbAccent-Color\u00bb title=\u00bbO jogo \u00e9 de \u201cterror\u201d?\u00bb][vc_column_text]\n<p>O jogo n\u00e3o \u00e9 de terror, nem existem sustos. Algumas salas podem conter decora\u00e7\u00f5es mais arrojadas, mas o jogo n\u00e3o \u00e9 centrado em temas ou decora\u00e7\u00f5es de horror.<\/p>\n[\/vc_column_text][\/toggle][toggle color=\u00bbAccent-Color\u00bb title=\u00bbH\u00e1 limites de idades?\u00bb][vc_column_text]Sim, o limite de idade \u00e9 de 10 anos. No entanto entre 10-12 anos s\u00f3 poder\u00e3o participar acompanhados de um adulto.[\/vc_column_text][\/toggle][toggle color=\u00bbAccent-Color\u00bb title=\u00bbEu sou uma m\u00e1quina! Posso jogar sozinho ou \u00e9 importante jogar em equipa?\u00bb][vc_column_text]\n<p>S\u00f3 consegues resolver os enigmas e escapar se jogares em equipa. Queres uma dica? Durante o jogo partilha as informa\u00e7\u00f5es obtidas com os teus amigos.<\/p>\n[\/vc_column_text][\/toggle][toggle color=\u00bbAccent-Color\u00bb title=\u00bbQual \u00e9 o n\u00famero de jogadores recomendados em cada equipa?\u00bb][vc_column_text]\n<p>Pode ser jogado com equipas de 2 a 10 pessoas dependendo do jogo (vers\u00e3o extended ou n\u00e3o). Quanto mais jogadores mais cabe\u00e7as pensam mas tamb\u00e9m mais confus\u00e3o \u00e9 gerada por isso o numero ideal depende muito da personalidade dos participantes. No geral todos os jogos funcionam bem e s\u00e3o divertidos independentemente do numero de participantes.<\/p>\n[\/vc_column_text][\/toggle][toggle color=\u00bbAccent-Color\u00bb title=\u00bb Acessibilidade e necessidades especiais\u00bb][vc_column_text]\n<p>Se tiveres necessidades especiais por favor contacta-nos antes de efetuares a reserva.<\/p>\n[\/vc_column_text][\/toggle][toggle color=\u00bbAccent-Color\u00bb title=\u00bbPosso cancelar a minha reserva?\u00bb][vc_column_text]\n<p>Sim, se nos avisares at\u00e9 48h de anteced\u00eancia.<\/p>\n[\/vc_column_text][\/toggle][toggle color=\u00bbAccent-Color\u00bb title=\u00bbH\u00e1 WC?\u00bb][vc_column_text]\n<p>N\u00e3o te preocupes que temos WC dentro do jogo e tudo! \ud83d\ude09<\/p>\n[\/vc_column_text][\/toggle][toggle color=\u00bbAccent-Color\u00bb title=\u00bbPosso jogar alcoolizado?\u00bb][vc_column_text]\n<p>O jogo j\u00e1 n\u00e3o \u00e9 f\u00e1cil quando n\u00e3o alcoolizado por isso se estiveres com uns copos a mais n\u00e3o te vais\u00a0divertir tanto. N\u00e3o \u00e9 recomend\u00e1vel beber uns copos antes de jogar \ud83d\ude42<\/p>\n[\/vc_column_text][\/toggle][toggle color=\u00bbAccent-Color\u00bb title=\u00bbMais alguma pergunta?\u00bb][vc_column_text]Contacta-nos atrav\u00e9s do email <a href=\"mailto:team@portoexitgames.com\">team@portoexitgames.com<\/a>\u00a0ou liga para +351 917 421 815[\/vc_column_text][\/toggle][\/toggles][\/vc_column][\/vc_row][vc_row type=\u00bbfull_width_background\u00bb full_screen_row_position=\u00bbmiddle\u00bb bg_color=\u00bb#333333&#8243; scene_position=\u00bbcenter\u00bb text_color=\u00bbdark\u00bb text_align=\u00bbleft\u00bb overlay_strength=\u00bb0.3&#8243; shape_divider_position=\u00bbbottom\u00bb][vc_column column_padding=\u00bbno-extra-padding\u00bb column_padding_position=\u00bball\u00bb background_color_opacity=\u00bb1&#8243; background_hover_color_opacity=\u00bb1&#8243; column_link_target=\u00bb_self\u00bb column_shadow=\u00bbnone\u00bb column_border_radius=\u00bbnone\u00bb width=\u00bb1\/1&#8243; tablet_width_inherit=\u00bbdefault\u00bb tablet_text_alignment=\u00bbdefault\u00bb phone_text_alignment=\u00bbdefault\u00bb column_border_width=\u00bbnone\u00bb column_border_style=\u00bbsolid\u00bb][divider line_type=\u00bbNo Line\u00bb custom_height=\u00bb60&#8243;][\/vc_column][\/vc_row]\n","protected":false},"excerpt":{"rendered":"<p>[vc_row type=\u00bbfull_width_background\u00bb full_screen_row_position=\u00bbmiddle\u00bb bg_color=\u00bb#333333&#8243; scene_position=\u00bbcenter\u00bb text_color=\u00bbdark\u00bb text_align=\u00bbleft\u00bb overlay_strength=\u00bb0.3&#8243; shape_divider_position=\u00bbbottom\u00bb][vc_column column_padding=\u00bbno-extra-padding\u00bb column_padding_position=\u00bball\u00bb background_color_opacity=\u00bb1&#8243; background_hover_color_opacity=\u00bb1&#8243; column_link_target=\u00bb_self\u00bb column_shadow=\u00bbnone\u00bb column_border_radius=\u00bbnone\u00bb width=\u00bb1\/1&#8243; tablet_width_inherit=\u00bbdefault\u00bb tablet_text_alignment=\u00bbdefault\u00bb phone_text_alignment=\u00bbdefault\u00bb column_border_width=\u00bbnone\u00bb column_border_style=\u00bbsolid\u00bb][divider line_type=\u00bbNo Line\u00bb custom_height=\u00bb40&#8243;][\/vc_column][\/vc_row][vc_row type=\u00bbfull_width_background\u00bb full_screen_row_position=\u00bbmiddle\u00bb bg_color=\u00bb#333333&#8243; scene_position=\u00bbcenter\u00bb text_color=\u00bblight\u00bb&#8230;<\/p>\n","protected":false},"author":1,"featured_media":0,"parent":0,"menu_order":0,"comment_status":"open","ping_status":"open","template":"","meta":{"iawp_total_views":27,"footnotes":""},"class_list":["post-1734","page","type-page","status-publish"],"yoast_head":"<!-- This site is optimized with the Yoast SEO plugin v27.4 - https:\/\/yoast.com\/product\/yoast-seo-wordpress\/ -->\n<title>FAQ - Porto Exit Games<\/title>\n<meta name=\"robots\" content=\"index, follow, max-snippet:-1, max-image-preview:large, max-video-preview:-1\" \/>\n<link rel=\"canonical\" href=\"https:\/\/portoexitgames.com\/es\/faq\/\" \/>\n<meta name=\"twitter:label1\" content=\"Tiempo de lectura\" \/>\n\t<meta name=\"twitter:data1\" content=\"6 minutos\" \/>\n<script type=\"application\/ld+json\" class=\"yoast-schema-graph\">{\"@context\":\"https:\\\/\\\/schema.org\",\"@graph\":[{\"@type\":\"WebPage\",\"@id\":\"https:\\\/\\\/portoexitgames.com\\\/es\\\/faq\\\/\",\"url\":\"https:\\\/\\\/portoexitgames.com\\\/es\\\/faq\\\/\",\"name\":\"FAQ - Porto Exit Games\",\"isPartOf\":{\"@id\":\"https:\\\/\\\/portoexitgames.com\\\/es\\\/#website\"},\"datePublished\":\"2018-08-20T12:33:51+00:00\",\"dateModified\":\"2018-10-04T11:02:19+00:00\",\"breadcrumb\":{\"@id\":\"https:\\\/\\\/portoexitgames.com\\\/es\\\/faq\\\/#breadcrumb\"},\"inLanguage\":\"es\",\"potentialAction\":[{\"@type\":\"ReadAction\",\"target\":[\"https:\\\/\\\/portoexitgames.com\\\/es\\\/faq\\\/\"]}]},{\"@type\":\"BreadcrumbList\",\"@id\":\"https:\\\/\\\/portoexitgames.com\\\/es\\\/faq\\\/#breadcrumb\",\"itemListElement\":[{\"@type\":\"ListItem\",\"position\":1,\"name\":\"Home\",\"item\":\"https:\\\/\\\/portoexitgames.com\\\/es\\\/home\\\/\"},{\"@type\":\"ListItem\",\"position\":2,\"name\":\"FAQ\"}]},{\"@type\":\"WebSite\",\"@id\":\"https:\\\/\\\/portoexitgames.com\\\/es\\\/#website\",\"url\":\"https:\\\/\\\/portoexitgames.com\\\/es\\\/\",\"name\":\"Porto Exit Games\",\"description\":\"Best Rated Room Escape Games in Porto\",\"publisher\":{\"@id\":\"https:\\\/\\\/portoexitgames.com\\\/es\\\/#organization\"},\"potentialAction\":[{\"@type\":\"SearchAction\",\"target\":{\"@type\":\"EntryPoint\",\"urlTemplate\":\"https:\\\/\\\/portoexitgames.com\\\/es\\\/?s={search_term_string}\"},\"query-input\":{\"@type\":\"PropertyValueSpecification\",\"valueRequired\":true,\"valueName\":\"search_term_string\"}}],\"inLanguage\":\"es\"},{\"@type\":\"Organization\",\"@id\":\"https:\\\/\\\/portoexitgames.com\\\/es\\\/#organization\",\"name\":\"Porto Exit Games\",\"url\":\"https:\\\/\\\/portoexitgames.com\\\/es\\\/\",\"logo\":{\"@type\":\"ImageObject\",\"inLanguage\":\"es\",\"@id\":\"https:\\\/\\\/portoexitgames.com\\\/es\\\/#\\\/schema\\\/logo\\\/image\\\/\",\"url\":\"https:\\\/\\\/portoexitgames.com\\\/wp-content\\\/uploads\\\/2018\\\/03\\\/peg-logo-black.png\",\"contentUrl\":\"https:\\\/\\\/portoexitgames.com\\\/wp-content\\\/uploads\\\/2018\\\/03\\\/peg-logo-black.png\",\"width\":\"702\",\"height\":\"310\",\"caption\":\"Porto Exit Games\"},\"image\":{\"@id\":\"https:\\\/\\\/portoexitgames.com\\\/es\\\/#\\\/schema\\\/logo\\\/image\\\/\"},\"sameAs\":[\"https:\\\/\\\/www.facebook.com\\\/PortoExitGames\",\"https:\\\/\\\/www.instagram.com\\\/portoexitgames\\\/\",\"https:\\\/\\\/www.youtube.com\\\/channel\\\/UCnbf1SL6uSrdDajKFsmdpUw\"]}]}<\/script>\n<!-- \/ Yoast SEO plugin. -->","yoast_head_json":{"title":"FAQ - Porto Exit Games","robots":{"index":"index","follow":"follow","max-snippet":"max-snippet:-1","max-image-preview":"max-image-preview:large","max-video-preview":"max-video-preview:-1"},"canonical":"https:\/\/portoexitgames.com\/es\/faq\/","twitter_misc":{"Tiempo de lectura":"6 minutos"},"schema":{"@context":"https:\/\/schema.org","@graph":[{"@type":"WebPage","@id":"https:\/\/portoexitgames.com\/es\/faq\/","url":"https:\/\/portoexitgames.com\/es\/faq\/","name":"FAQ - Porto Exit Games","isPartOf":{"@id":"https:\/\/portoexitgames.com\/es\/#website"},"datePublished":"2018-08-20T12:33:51+00:00","dateModified":"2018-10-04T11:02:19+00:00","breadcrumb":{"@id":"https:\/\/portoexitgames.com\/es\/faq\/#breadcrumb"},"inLanguage":"es","potentialAction":[{"@type":"ReadAction","target":["https:\/\/portoexitgames.com\/es\/faq\/"]}]},{"@type":"BreadcrumbList","@id":"https:\/\/portoexitgames.com\/es\/faq\/#breadcrumb","itemListElement":[{"@type":"ListItem","position":1,"name":"Home","item":"https:\/\/portoexitgames.com\/es\/home\/"},{"@type":"ListItem","position":2,"name":"FAQ"}]},{"@type":"WebSite","@id":"https:\/\/portoexitgames.com\/es\/#website","url":"https:\/\/portoexitgames.com\/es\/","name":"Porto Exit Games","description":"Best Rated Room Escape Games in Porto","publisher":{"@id":"https:\/\/portoexitgames.com\/es\/#organization"},"potentialAction":[{"@type":"SearchAction","target":{"@type":"EntryPoint","urlTemplate":"https:\/\/portoexitgames.com\/es\/?s={search_term_string}"},"query-input":{"@type":"PropertyValueSpecification","valueRequired":true,"valueName":"search_term_string"}}],"inLanguage":"es"},{"@type":"Organization","@id":"https:\/\/portoexitgames.com\/es\/#organization","name":"Porto Exit Games","url":"https:\/\/portoexitgames.com\/es\/","logo":{"@type":"ImageObject","inLanguage":"es","@id":"https:\/\/portoexitgames.com\/es\/#\/schema\/logo\/image\/","url":"https:\/\/portoexitgames.com\/wp-content\/uploads\/2018\/03\/peg-logo-black.png","contentUrl":"https:\/\/portoexitgames.com\/wp-content\/uploads\/2018\/03\/peg-logo-black.png","width":"702","height":"310","caption":"Porto Exit Games"},"image":{"@id":"https:\/\/portoexitgames.com\/es\/#\/schema\/logo\/image\/"},"sameAs":["https:\/\/www.facebook.com\/PortoExitGames","https:\/\/www.instagram.com\/portoexitgames\/","https:\/\/www.youtube.com\/channel\/UCnbf1SL6uSrdDajKFsmdpUw"]}]}},"_links":{"self":[{"href":"https:\/\/portoexitgames.com\/es\/wp-json\/wp\/v2\/pages\/1734","targetHints":{"allow":["GET"]}}],"collection":[{"href":"https:\/\/portoexitgames.com\/es\/wp-json\/wp\/v2\/pages"}],"about":[{"href":"https:\/\/portoexitgames.com\/es\/wp-json\/wp\/v2\/types\/page"}],"author":[{"embeddable":true,"href":"https:\/\/portoexitgames.com\/es\/wp-json\/wp\/v2\/users\/1"}],"replies":[{"embeddable":true,"href":"https:\/\/portoexitgames.com\/es\/wp-json\/wp\/v2\/comments?post=1734"}],"version-history":[{"count":0,"href":"https:\/\/portoexitgames.com\/es\/wp-json\/wp\/v2\/pages\/1734\/revisions"}],"wp:attachment":[{"href":"https:\/\/portoexitgames.com\/es\/wp-json\/wp\/v2\/media?parent=1734"}],"curies":[{"name":"wp","href":"https:\/\/api.w.org\/{rel}","templated":true}]}}