{"id":1730,"date":"2018-08-20T13:32:49","date_gmt":"2018-08-20T12:32:49","guid":{"rendered":"https:\/\/portoexitgames.com\/?page_id=1730"},"modified":"2018-08-20T13:32:49","modified_gmt":"2018-08-20T12:32:49","slug":"politica-de-cookies","status":"publish","type":"page","link":"https:\/\/portoexitgames.com\/es\/politica-de-cookies\/","title":{"rendered":"Pol\u00edtica de cookies"},"content":{"rendered":"[vc_row type=\u00bbin_container\u00bb full_screen_row_position=\u00bbmiddle\u00bb scene_position=\u00bbcenter\u00bb text_color=\u00bbdark\u00bb text_align=\u00bbleft\u00bb overlay_strength=\u00bb0.3&#8243; shape_divider_position=\u00bbbottom\u00bb][vc_column column_padding=\u00bbno-extra-padding\u00bb column_padding_position=\u00bball\u00bb background_color_opacity=\u00bb1&#8243; background_hover_color_opacity=\u00bb1&#8243; column_shadow=\u00bbnone\u00bb column_border_radius=\u00bbnone\u00bb width=\u00bb1\/1&#8243; tablet_text_alignment=\u00bbdefault\u00bb phone_text_alignment=\u00bbdefault\u00bb column_border_width=\u00bbnone\u00bb column_border_style=\u00bbsolid\u00bb][vc_column_text]Esta p\u00e1gina usa cookies &#8211; pequenos ficheiros de texto que s\u00e3o colocados no teu aparelho para ajudar a p\u00e1gina a proporcionar uma melhor experi\u00eancia de utiliza\u00e7\u00e3o.<\/p>\n<p>No geral, os cookies s\u00e3o utilizados para reter as prefer\u00eancias do utilizador, guardar informa\u00e7\u00e3o de coisas como carrinhos de compras e fornecer traceamento an\u00f3nimo de dados a aplica\u00e7\u00f5es externas como o Google Analytics.<\/p>\n<p>Em regra os cookies far\u00e3o que a tua experi\u00eancia nas p\u00e1ginas de Internet seja melhor. No entanto, podes preferir desativar os cookies nesta p\u00e1gina e noutras. A forma mais f\u00e1cil de fazer isto \u00e9 desativando diretamente no navegador de Internet que utilizas.<\/p>\n<p>Sugerimos consultares a sec\u00e7\u00e3o de ajuda do teu navegador de Internet ou dar uma leitura em\u00a0\u00a0<a href=\"http:\/\/www.aboutcookies.org\">the About Cookies website<\/a>\u00a0que oferece um guia para a maior parte dos navegadores atuais.[\/vc_column_text][\/vc_column][\/vc_row][vc_row type=\u00bbfull_width_background\u00bb full_screen_row_position=\u00bbmiddle\u00bb bg_color=\u00bb#f7f7f7&#8243; scene_position=\u00bbcenter\u00bb text_color=\u00bbdark\u00bb text_align=\u00bbleft\u00bb top_padding=\u00bb100&#8243; bottom_padding=\u00bb100&#8243; overlay_strength=\u00bb0.3&#8243; shape_divider_position=\u00bbbottom\u00bb][vc_column column_padding=\u00bbno-extra-padding\u00bb column_padding_position=\u00bball\u00bb background_color_opacity=\u00bb1&#8243; background_hover_color_opacity=\u00bb1&#8243; column_shadow=\u00bbnone\u00bb column_border_radius=\u00bbnone\u00bb width=\u00bb1\/1&#8243; tablet_text_alignment=\u00bbdefault\u00bb phone_text_alignment=\u00bbdefault\u00bb column_border_width=\u00bbnone\u00bb column_border_style=\u00bbsolid\u00bb][vc_column_text]\n<h2>Pol\u00edtica de Cookies<\/h2>\n[\/vc_column_text][toggles style=\u00bbminimal\u00bb][toggle color=\u00bbDefault\u00bb title=\u00bbO que \u00e9 uma cookie?\u00bb][vc_column_text]\n<ol>\n<li>Uma cookie e um ficheiro contendo um identificador (uma s\u00e9rie de letras e numeros) que \u00e9 enviada por um servidor web para um browser de Internet (navegador) e \u00e9 guardado no browser. O identificador \u00e9 depois enviado de volta para o servidor cada vez que o browser solicita uma p\u00e1gina do servidor.<\/li>\n<li>As Cookies podem ser ou \u201cpersistentes\u201d ou \u201ccookies de sess\u00e3o\u201d: as persistentes s\u00e3o guardadas pelo web browser e ficam v\u00e1lidas at\u00e9 \u00e0 sua data de expira\u00e7\u00e3o, a n\u00e3o ser que sejam apagadas pelo utilizador antes do t\u00e9rmino desta; as cookies de sess\u00e3o, por outro lado, expiram no final da sess\u00e3o de utiliza\u00e7\u00e3o quando o web browser \u00e9 encerrado.<\/li>\n<li>As Cookies tipicamente n\u00e3o cont\u00eam nenhuma informa\u00e7\u00e3o que identifique pessoalmente um utilizador mas a informa\u00e7\u00e3o pessoal que guardamos sobre ti pode ser ligada \u00e0 informa\u00e7\u00e3o que as cookies tamb\u00e9m guardam.<\/li>\n<\/ol>\n[\/vc_column_text][\/toggle][toggle color=\u00bbDefault\u00bb title=\u00bbCookies que utilizamos\u00bb][vc_column_text]Utilizamos cookies para os seguintes propositos:<\/p>\n<p>(a) autentica\u00e7\u00e3o \u2013 usamos cookies para te identificar quando visitas a nossa p\u00e1gina:<\/p>\n<table class=\"t1\" cellspacing=\"0\" cellpadding=\"0\">\n<tbody>\n<tr>\n<td class=\"td1\" valign=\"top\">\n<p class=\"p9\"><span class=\"s1\">1P_JAR<\/span><\/p>\n<\/td>\n<td class=\"td2\" valign=\"top\">\n<p class=\"p9\"><span class=\"s1\"><a href=\"https:\/\/www.google.com\/\">.<span class=\"s5\">google.com<\/span><\/a><\/span><\/p>\n<\/td>\n<\/tr>\n<tr>\n<td class=\"td3\" valign=\"top\">\n<p class=\"p9\"><span class=\"s1\">AID<\/span><\/p>\n<\/td>\n<td class=\"td4\" valign=\"top\">\n<p class=\"p9\"><span class=\"s1\"><a href=\"https:\/\/www.google.com\/\">.<span class=\"s5\">google.com<\/span><\/a><\/span><\/p>\n<\/td>\n<\/tr>\n<tr>\n<td class=\"td5\" valign=\"top\">\n<p class=\"p9\"><span class=\"s1\">APISID<\/span><\/p>\n<\/td>\n<td class=\"td6\" valign=\"top\">\n<p class=\"p9\"><span class=\"s1\"><a href=\"https:\/\/www.google.com\/\">.<span class=\"s5\">google.com<\/span><\/a><\/span><\/p>\n<\/td>\n<\/tr>\n<tr>\n<td class=\"td7\" valign=\"top\">\n<p class=\"p9\"><span class=\"s1\">CONSENT<\/span><\/p>\n<\/td>\n<td class=\"td8\" valign=\"top\">\n<p class=\"p9\"><span class=\"s1\"><a href=\"https:\/\/www.google.com\/\">.<span class=\"s5\">google.com<\/span><\/a><\/span><\/p>\n<\/td>\n<\/tr>\n<tr>\n<td class=\"td5\" valign=\"top\">\n<p class=\"p9\"><span class=\"s1\">HSID<\/span><\/p>\n<\/td>\n<td class=\"td6\" valign=\"top\">\n<p class=\"p9\"><span class=\"s1\"><a href=\"https:\/\/www.google.com\/\">.<span class=\"s5\">google.com<\/span><\/a><\/span><\/p>\n<\/td>\n<\/tr>\n<tr>\n<td class=\"td7\" valign=\"top\">\n<p class=\"p9\"><span class=\"s1\">NID<\/span><\/p>\n<\/td>\n<td class=\"td8\" valign=\"top\">\n<p class=\"p9\"><span class=\"s1\"><a href=\"https:\/\/www.google.com\/\">.<span class=\"s5\">google.com<\/span><\/a><\/span><\/p>\n<\/td>\n<\/tr>\n<tr>\n<td class=\"td1\" valign=\"top\">\n<p class=\"p9\"><span class=\"s1\">SAPISID<\/span><\/p>\n<\/td>\n<td class=\"td2\" valign=\"top\">\n<p class=\"p9\"><span class=\"s1\"><a href=\"https:\/\/www.google.com\/\">.<span class=\"s5\">google.com<\/span><\/a><\/span><\/p>\n<\/td>\n<\/tr>\n<tr>\n<td class=\"td3\" valign=\"top\">\n<p class=\"p9\"><span class=\"s1\">SID<\/span><\/p>\n<\/td>\n<td class=\"td4\" valign=\"top\">\n<p class=\"p9\"><span class=\"s1\"><a href=\"https:\/\/www.google.com\/\">.<span class=\"s5\">google.com<\/span><\/a><\/span><\/p>\n<\/td>\n<\/tr>\n<tr>\n<td class=\"td1\" valign=\"top\">\n<p class=\"p9\"><span class=\"s1\">SIDCC<\/span><\/p>\n<\/td>\n<td class=\"td2\" valign=\"top\">\n<p class=\"p9\"><span class=\"s1\"><a href=\"https:\/\/www.google.com\/\">.<span class=\"s5\">google.com<\/span><\/a><\/span><\/p>\n<\/td>\n<\/tr>\n<tr>\n<td class=\"td3\" valign=\"top\">\n<p class=\"p9\"><span class=\"s1\">SSID<\/span><\/p>\n<\/td>\n<td class=\"td4\" valign=\"top\">\n<p class=\"p9\"><span class=\"s1\"><a href=\"https:\/\/www.google.com\/\">.<span class=\"s5\">google.com<\/span><\/a><\/span><\/p>\n<\/td>\n<\/tr>\n<\/tbody>\n<\/table>\n<p>&nbsp;<\/p>\n<p>(b) estado \u2013 usamos cookies para nos ajudar a determinar se tens sess\u00e3o iniciada na nossa p\u00e1gina:<\/p>\n<table class=\"t1\" style=\"height: 401px;\" width=\"468\" cellspacing=\"0\" cellpadding=\"0\">\n<tbody>\n<tr>\n<td class=\"td5\" valign=\"top\">\n<p class=\"p9\"><span class=\"s1\">CSE74be517b8a7347a2885407857b20a507<\/span><\/p>\n<\/td>\n<td class=\"td6\" valign=\"top\"><span class=\"s1\"><a href=\"https:\/\/portoexitgames.com\/\">.portoexitgames<span class=\"s5\">.com<\/span><\/a><\/span><\/p>\n<p class=\"p9\">\n<\/td>\n<\/tr>\n<tr>\n<td class=\"td7\" valign=\"top\">\n<p class=\"p9\"><span class=\"s1\">__cfduid<\/span><\/p>\n<\/td>\n<td class=\"td8\" valign=\"top\">\n<p class=\"p9\"><span class=\"s1\"><a href=\"https:\/\/portoexitgames.com\/\">.portoexitgames<span class=\"s5\">.com<\/span><\/a><\/span><\/p>\n<\/td>\n<\/tr>\n<tr>\n<td class=\"td5\" valign=\"top\">\n<p class=\"p9\"><span class=\"s1\">_ga<\/span><\/p>\n<\/td>\n<td class=\"td6\" valign=\"top\">\n<p class=\"p9\"><span class=\"s1\"><a href=\"https:\/\/portoexitgames.com\/\">.portoexitgames<span class=\"s5\">.com<\/span><\/a><\/span><\/p>\n<\/td>\n<\/tr>\n<tr>\n<td class=\"td3\" valign=\"top\">\n<p class=\"p9\"><span class=\"s1\">_gat<\/span><\/p>\n<\/td>\n<td class=\"td4\" valign=\"top\">\n<p class=\"p9\"><span class=\"s1\"><a href=\"https:\/\/portoexitgames.com\/\">.portoexitgames<span class=\"s5\">.com<\/span><\/a><\/span><\/p>\n<\/td>\n<\/tr>\n<tr>\n<td class=\"td1\" valign=\"top\">\n<p class=\"p9\"><span class=\"s1\">_gid<\/span><\/p>\n<\/td>\n<td class=\"td2\" valign=\"top\">\n<p class=\"p9\"><span class=\"s1\"><a href=\"https:\/\/portoexitgames.com\/\">.portoexitgames<span class=\"s5\">.com<\/span><\/a><\/span><\/p>\n<\/td>\n<\/tr>\n<tr>\n<td class=\"td3\" valign=\"top\">\n<p class=\"p9\"><span class=\"s1\">iSiteVisitor<\/span><\/p>\n<\/td>\n<td class=\"td4\" valign=\"top\">\n<p class=\"p9\"><span class=\"s1\"><a href=\"https:\/\/portoexitgames.com\/\">.portoexitgames<span class=\"s5\">.com<\/span><\/a><\/span><\/p>\n<\/td>\n<\/tr>\n<\/tbody>\n<\/table>\n<p>e tamb\u00e9m se est\u00e1s logado no Tripadvisor e poder mostrar informa\u00e7\u00e3o mais relevante:<\/p>\n<table class=\"t1\" cellspacing=\"0\" cellpadding=\"0\">\n<tbody>\n<tr>\n<td class=\"td5\" valign=\"top\">\n<p class=\"p9\">CM<\/p>\n<\/td>\n<td class=\"td6\" valign=\"top\">\n<p class=\"p9\"><span class=\"s1\"><a href=\"https:\/\/tripadvisor.com\/\">.tripadvisor<span class=\"s5\">.com<\/span><\/a><\/span><\/p>\n<\/td>\n<\/tr>\n<tr>\n<td class=\"td3\" valign=\"top\">\n<p class=\"p9\">PMC<\/p>\n<\/td>\n<td class=\"td4\" valign=\"top\">\n<p class=\"p9\"><span class=\"s1\"><a href=\"https:\/\/tripadvisor.com\/\">.tripadvisor<span class=\"s5\">.com<\/span><\/a><\/span><\/p>\n<\/td>\n<\/tr>\n<tr>\n<td class=\"td1\" valign=\"top\">\n<p class=\"p9\">SRT<\/p>\n<\/td>\n<td class=\"td2\" valign=\"top\">\n<p class=\"p9\"><span class=\"s1\"><a href=\"https:\/\/tripadvisor.com\/\">.tripadvisor<span class=\"s5\">.com<\/span><\/a><\/span><\/p>\n<\/td>\n<\/tr>\n<tr>\n<td class=\"td3\" valign=\"top\">\n<p class=\"p9\">ServerPool<\/p>\n<\/td>\n<td class=\"td4\" valign=\"top\">\n<p class=\"p9\"><span class=\"s1\"><a href=\"https:\/\/tripadvisor.com\/\">.tripadvisor<span class=\"s5\">.com<\/span><\/a><\/span><\/p>\n<\/td>\n<\/tr>\n<tr>\n<td class=\"td1\" valign=\"top\">\n<p class=\"p9\">TACds<\/p>\n<\/td>\n<td class=\"td2\" valign=\"top\">\n<p class=\"p9\"><span class=\"s1\"><a href=\"https:\/\/tripadvisor.com\/\">.tripadvisor<span class=\"s5\">.com<\/span><\/a><\/span><\/p>\n<\/td>\n<\/tr>\n<tr>\n<td class=\"td7\" valign=\"top\">\n<p class=\"p9\">TART<\/p>\n<\/td>\n<td class=\"td8\" valign=\"top\">\n<p class=\"p9\"><span class=\"s1\"><a href=\"https:\/\/tripadvisor.com\/\">.tripadvisor<span class=\"s5\">.com<\/span><\/a><\/span><\/p>\n<\/td>\n<\/tr>\n<tr>\n<td class=\"td5\" valign=\"top\">\n<p class=\"p9\">TASSK<\/p>\n<\/td>\n<td class=\"td6\" valign=\"top\">\n<p class=\"p9\"><span class=\"s1\"><a href=\"https:\/\/tripadvisor.com\/\">.tripadvisor<span class=\"s5\">.co<\/span><\/a>m<\/span><\/p>\n<\/td>\n<\/tr>\n<tr>\n<td class=\"td3\" valign=\"top\">\n<p class=\"p9\">TASession<\/p>\n<\/td>\n<td class=\"td4\" valign=\"top\">\n<p class=\"p9\"><span class=\"s1\"><a href=\"https:\/\/tripadvisor.com\/\">.tripadvisor<span class=\"s5\">.com<\/span><\/a><\/span><\/p>\n<\/td>\n<\/tr>\n<tr>\n<td class=\"td5\" valign=\"top\">\n<p class=\"p9\">TATravelInfo<\/p>\n<\/td>\n<td class=\"td6\" valign=\"top\">\n<p class=\"p9\"><span class=\"s1\"><a href=\"https:\/\/tripadvisor.com\/\">.tripadvisor<span class=\"s5\">.com<\/span><\/a><\/span><\/p>\n<\/td>\n<\/tr>\n<tr>\n<td class=\"td3\" valign=\"top\">\n<p class=\"p9\">TAUD<\/p>\n<\/td>\n<td class=\"td4\" valign=\"top\">\n<p class=\"p9\"><span class=\"s1\"><a href=\"https:\/\/tripadvisor.com\/\">.tripadvisor<span class=\"s5\">.com<\/span><\/a><\/span><\/p>\n<\/td>\n<\/tr>\n<tr>\n<td class=\"td5\" valign=\"top\">\n<p class=\"p9\">TAUnique<\/p>\n<\/td>\n<td class=\"td6\" valign=\"top\">\n<p class=\"p9\"><span class=\"s6\"><a href=\"https:\/\/tripadvisor.com\/\">.tripadvisor<span class=\"s5\">.com<\/span><\/a><\/span><\/p>\n<\/td>\n<\/tr>\n<\/tbody>\n<\/table>\n<p>&nbsp;<\/p>\n<p>e tamb\u00e9m algumas cookies do nosso sistema de reservas (Bookeo):<\/p>\n<table class=\"t1\" cellspacing=\"0\" cellpadding=\"0\">\n<tbody>\n<tr>\n<td class=\"td1\" valign=\"top\">\n<p class=\"p9\">_ga<\/p>\n<\/td>\n<td class=\"td2\" valign=\"top\">\n<p class=\"p9\"><span class=\"s1\"><a href=\"https:\/\/www.bookeo.com\/\">.bookeo<span class=\"s5\">.com<\/span><\/a><\/span><\/p>\n<\/td>\n<\/tr>\n<tr>\n<td class=\"td3\" valign=\"top\">\n<p class=\"p9\">_gat<\/p>\n<\/td>\n<td class=\"td4\" valign=\"top\">\n<p class=\"p9\"><span class=\"s1\"><a href=\"https:\/\/www.bookeo.com\/\">.bookeo<span class=\"s5\">.com<\/span><\/a><\/span><\/p>\n<\/td>\n<\/tr>\n<tr>\n<td class=\"td5\" valign=\"top\">\n<p class=\"p9\">_gid<\/p>\n<\/td>\n<td class=\"td6\" valign=\"top\">\n<p class=\"p9\"><span class=\"s1\"><a href=\"https:\/\/www.bookeo.com\/\">.bookeo<span class=\"s5\">.com<\/span><\/a><\/span><\/p>\n<\/td>\n<\/tr>\n<\/tbody>\n<\/table>\n<p>&nbsp;<\/p>\n<p>(c) an\u00e1lise \u2013 usamos cookies para nos ajudar a perceber a utiliza\u00e7\u00e3o da nossa p\u00e1gina e a sua performance:<\/p>\n<table class=\"t1\" cellspacing=\"0\" cellpadding=\"0\">\n<tbody>\n<tr>\n<td class=\"td5\" valign=\"top\">\n<p class=\"p9\"><span class=\"s1\">OTZ<\/span><\/p>\n<\/td>\n<td class=\"td6\" valign=\"top\">\n<p class=\"p9\"><span class=\"s6\"><a href=\"https:\/\/www.google.com\/\">www.google.com<\/a><\/span><\/p>\n<\/td>\n<\/tr>\n<tr>\n<td class=\"td3\" valign=\"top\">\n<p class=\"p9\"><span class=\"s1\">_ga<\/span><\/p>\n<\/td>\n<td class=\"td4\" valign=\"top\">\n<p class=\"p9\"><span class=\"s6\"><a href=\"https:\/\/www.google.com\/\">www.google.com<\/a><\/span><\/p>\n<\/td>\n<\/tr>\n<tr>\n<td class=\"td5\" valign=\"top\">\n<p class=\"p9\"><span class=\"s1\">_gmb_ga_test<\/span><\/p>\n<\/td>\n<td class=\"td6\" valign=\"top\">\n<p class=\"p9\"><span class=\"s6\"><a href=\"https:\/\/www.google.com\/\">www.google.com<\/a><\/span><\/p>\n<\/td>\n<\/tr>\n<\/tbody>\n<\/table>\n<p>&nbsp;<\/p>\n<p>(d) defini\u00e7\u00f5es de lingua &#8211; usamos cookies para detetar e guardar as preferencias de lingua dos nossos utilizadores:<\/p>\n<table class=\"t1\" cellspacing=\"0\" cellpadding=\"0\">\n<tbody>\n<tr>\n<td class=\"td1\" valign=\"top\">\n<p class=\"p9\">_icl_visitor_lang_js<\/p>\n<\/td>\n<td class=\"td2\" valign=\"top\">\n<p class=\"p9\"><span class=\"s6\"><a href=\"https:\/\/portoexitgames.com\/\">portoexitgames.com<\/a><\/span><\/p>\n<\/td>\n<\/tr>\n<tr>\n<td class=\"td3\" valign=\"top\">\n<p class=\"p9\">wpml_browser_redirect_test<\/p>\n<\/td>\n<td class=\"td4\" valign=\"top\">\n<p class=\"p9\"><span class=\"s6\"><a href=\"https:\/\/portoexitgames.com\/\">portoexitgames.com<\/a><\/span><\/p>\n<\/td>\n<\/tr>\n<\/tbody>\n<\/table>\n<p>&nbsp;<\/p>\n<p>(e) consentimento da utiliza\u00e7\u00e3o de cookies \u2013 usamos cookies para guardar as tuas prefer\u00eancias no que toca a aceitares ou n\u00e3o navegar no nosso site sabendo que utilizamos cookies:<\/p>\n<table class=\"t1\" cellspacing=\"0\" cellpadding=\"0\">\n<tbody>\n<tr>\n<td class=\"td1\" valign=\"top\">\n<p class=\"p9\">cookie_notice_accepted<\/p>\n<\/td>\n<td class=\"td2\" valign=\"top\">\n<p class=\"p9\"><span class=\"s6\"><a href=\"https:\/\/portoexitgames.com\/\">portoexitgames.com<\/a><\/span><\/p>\n<\/td>\n<\/tr>\n<tr>\n<td class=\"td3\" valign=\"top\">\n<p class=\"p9\">euCookie<\/p>\n<\/td>\n<td class=\"td4\" valign=\"top\">\n<p class=\"p9\"><span class=\"s6\"><a href=\"https:\/\/portoexitgames.com\/\">portoexitgames.com<\/a><\/span><\/p>\n<\/td>\n<\/tr>\n<\/tbody>\n<\/table>\n[\/vc_column_text][\/toggle][toggle color=\u00bbDefault\u00bb title=\u00bbCookies utilizados por provedores de servi\u00e7o\u00bb][vc_column_text]Alguns dos servi\u00e7os que utilizamos usam cookies e esses cookies podem ser guardados no teu aparelho quando visitas o nosso website.<\/p>\n<p>Utilizamos o Google Analytics para analisar o uso da nossa p\u00e1gina. A Google Analytics recolhe informa\u00e7\u00e3o acerca da utiliza\u00e7\u00e3o da nossa p\u00e1gina utilizando cookies. A informa\u00e7\u00e3o recolhida relativamente \u00e0 nossa p\u00e1gina \u00e9 utilizada para criar relat\u00f3rios acerca do uso da p\u00e1gina. A Pol\u00edtica de Privacidade da Google est\u00e1 dispon\u00edvel em: https:\/\/www.google.com\/policies\/privacy\/.[\/vc_column_text][\/toggle][toggle color=\u00bbDefault\u00bb title=\u00bbGest\u00e3o de cookies\u00bb][vc_column_text]Muitos navegadores de Internet permitem que te recuses a aceitar cookies e tamb\u00e9m a apagar cookies. Os m\u00e9todos para fazer isto variam de navegador para navegador e de vers\u00e3o para vers\u00e3o. Podes no entanto obter informa\u00e7\u00e3o atualizada acerca de como bloquear o uso de cookies e as apagar atrav\u00e9s destes links:<\/p>\n<p>(a) https:\/\/support.google.com\/chrome\/answer\/95647?hl=en (Chrome);<\/p>\n<p>(b) https:\/\/support.mozilla.org\/en-US\/kb\/enable-and-disable-cookies-website-preferences (Firefox);<\/p>\n<p>(c) http:\/\/www.opera.com\/help\/tutorials\/security\/cookies\/ (Opera);<\/p>\n<p>(d) https:\/\/support.microsoft.com\/en-gb\/help\/17442\/windows-internet-explorer-delete-manage-cookies (Internet Explorer);<\/p>\n<p>(e) https:\/\/support.apple.com\/kb\/PH21411 (Safari); and<\/p>\n<p>(f) https:\/\/privacy.microsoft.com\/en-us\/windows-10-microsoft-edge-and-privacy (Edge).<\/p>\n<p>&nbsp;<\/p>\n<p>Bloquear a utiliza\u00e7\u00e3o de todos os cookies ter\u00e1 um impacto negativo na usabilidade de v\u00e1rias p\u00e1ginas de Internet.<\/p>\n<p>&nbsp;<\/p>\n<p>Se bloqueares as cookies n\u00e3o ser\u00e1s capaz de utilizar todas as funcionalidades da nossa p\u00e1gina.[\/vc_column_text][\/toggle][toggle color=\u00bbDefault\u00bb title=\u00bbInforma\u00e7\u00f5es sobre n\u00f3s\u00bb][vc_column_text]Esta p\u00e1gina \u00e9 detida e operada pela Porto Exit Games Lda.<\/p>\n<p>Somos uma empresa registada em Portugal com o registo nr. 513253670, e a nossa sede \u00e9 na Pra\u00e7a Guilherme Gomes Fernandes 53, 1\u00ba Frente, 4050-293 Porto, Portugal.<\/p>\n<p>Podes contactar-nos das seguintes formas:<\/p>\n<p>(a) via postal para, Pra\u00e7a Guilherme Gomes Fernandes 53, 1\u00ba Frente, 4050-293 Porto, Portugal. or.<\/p>\n<p>(b) por telefone para +351 917 421 815 durante o nosso hor\u00e1rio de funcionamento<\/p>\n<p>(d) por email para team@portoexitgames.com[\/vc_column_text][\/toggle][toggle color=\u00bbDefault\u00bb title=\u00bbAcesso a dados\u00bb][vc_column_text]Todos os pedidos de acesso a dados dever\u00e3o ser enviados ao cuidado da ger\u00eancia da empresa.[\/vc_column_text][\/toggle][\/toggles][\/vc_column][\/vc_row]\n","protected":false},"excerpt":{"rendered":"<p>[vc_row type=\u00bbin_container\u00bb full_screen_row_position=\u00bbmiddle\u00bb scene_position=\u00bbcenter\u00bb text_color=\u00bbdark\u00bb text_align=\u00bbleft\u00bb overlay_strength=\u00bb0.3&#8243; shape_divider_position=\u00bbbottom\u00bb][vc_column column_padding=\u00bbno-extra-padding\u00bb column_padding_position=\u00bball\u00bb background_color_opacity=\u00bb1&#8243; background_hover_color_opacity=\u00bb1&#8243; column_shadow=\u00bbnone\u00bb column_border_radius=\u00bbnone\u00bb width=\u00bb1\/1&#8243; tablet_text_alignment=\u00bbdefault\u00bb phone_text_alignment=\u00bbdefault\u00bb column_border_width=\u00bbnone\u00bb column_border_style=\u00bbsolid\u00bb][vc_column_text]Esta p\u00e1gina usa cookies &#8211; pequenos ficheiros de texto que s\u00e3o colocados&#8230;<\/p>\n","protected":false},"author":1,"featured_media":0,"parent":0,"menu_order":0,"comment_status":"closed","ping_status":"closed","template":"","meta":{"iawp_total_views":15,"footnotes":""},"class_list":["post-1730","page","type-page","status-publish"],"yoast_head":"<!-- This site is optimized with the Yoast SEO plugin v27.4 - https:\/\/yoast.com\/product\/yoast-seo-wordpress\/ -->\n<title>Pol\u00edtica de cookies - Porto Exit Games<\/title>\n<meta name=\"robots\" content=\"index, follow, max-snippet:-1, max-image-preview:large, max-video-preview:-1\" \/>\n<link rel=\"canonical\" href=\"https:\/\/portoexitgames.com\/es\/politica-de-cookies\/\" \/>\n<meta name=\"twitter:label1\" content=\"Tiempo de lectura\" \/>\n\t<meta name=\"twitter:data1\" content=\"6 minutos\" \/>\n<script type=\"application\/ld+json\" class=\"yoast-schema-graph\">{\"@context\":\"https:\\\/\\\/schema.org\",\"@graph\":[{\"@type\":\"WebPage\",\"@id\":\"https:\\\/\\\/portoexitgames.com\\\/es\\\/politica-de-cookies\\\/\",\"url\":\"https:\\\/\\\/portoexitgames.com\\\/es\\\/politica-de-cookies\\\/\",\"name\":\"Pol\u00edtica de cookies - Porto Exit Games\",\"isPartOf\":{\"@id\":\"https:\\\/\\\/portoexitgames.com\\\/es\\\/#website\"},\"datePublished\":\"2018-08-20T12:32:49+00:00\",\"breadcrumb\":{\"@id\":\"https:\\\/\\\/portoexitgames.com\\\/es\\\/politica-de-cookies\\\/#breadcrumb\"},\"inLanguage\":\"es\",\"potentialAction\":[{\"@type\":\"ReadAction\",\"target\":[\"https:\\\/\\\/portoexitgames.com\\\/es\\\/politica-de-cookies\\\/\"]}]},{\"@type\":\"BreadcrumbList\",\"@id\":\"https:\\\/\\\/portoexitgames.com\\\/es\\\/politica-de-cookies\\\/#breadcrumb\",\"itemListElement\":[{\"@type\":\"ListItem\",\"position\":1,\"name\":\"Home\",\"item\":\"https:\\\/\\\/portoexitgames.com\\\/es\\\/home\\\/\"},{\"@type\":\"ListItem\",\"position\":2,\"name\":\"Pol\u00edtica de cookies\"}]},{\"@type\":\"WebSite\",\"@id\":\"https:\\\/\\\/portoexitgames.com\\\/es\\\/#website\",\"url\":\"https:\\\/\\\/portoexitgames.com\\\/es\\\/\",\"name\":\"Porto Exit Games\",\"description\":\"Best Rated Room Escape Games in Porto\",\"publisher\":{\"@id\":\"https:\\\/\\\/portoexitgames.com\\\/es\\\/#organization\"},\"potentialAction\":[{\"@type\":\"SearchAction\",\"target\":{\"@type\":\"EntryPoint\",\"urlTemplate\":\"https:\\\/\\\/portoexitgames.com\\\/es\\\/?s={search_term_string}\"},\"query-input\":{\"@type\":\"PropertyValueSpecification\",\"valueRequired\":true,\"valueName\":\"search_term_string\"}}],\"inLanguage\":\"es\"},{\"@type\":\"Organization\",\"@id\":\"https:\\\/\\\/portoexitgames.com\\\/es\\\/#organization\",\"name\":\"Porto Exit Games\",\"url\":\"https:\\\/\\\/portoexitgames.com\\\/es\\\/\",\"logo\":{\"@type\":\"ImageObject\",\"inLanguage\":\"es\",\"@id\":\"https:\\\/\\\/portoexitgames.com\\\/es\\\/#\\\/schema\\\/logo\\\/image\\\/\",\"url\":\"https:\\\/\\\/portoexitgames.com\\\/wp-content\\\/uploads\\\/2018\\\/03\\\/peg-logo-black.png\",\"contentUrl\":\"https:\\\/\\\/portoexitgames.com\\\/wp-content\\\/uploads\\\/2018\\\/03\\\/peg-logo-black.png\",\"width\":\"702\",\"height\":\"310\",\"caption\":\"Porto Exit Games\"},\"image\":{\"@id\":\"https:\\\/\\\/portoexitgames.com\\\/es\\\/#\\\/schema\\\/logo\\\/image\\\/\"},\"sameAs\":[\"https:\\\/\\\/www.facebook.com\\\/PortoExitGames\",\"https:\\\/\\\/www.instagram.com\\\/portoexitgames\\\/\",\"https:\\\/\\\/www.youtube.com\\\/channel\\\/UCnbf1SL6uSrdDajKFsmdpUw\"]}]}<\/script>\n<!-- \/ Yoast SEO plugin. -->","yoast_head_json":{"title":"Pol\u00edtica de cookies - Porto Exit Games","robots":{"index":"index","follow":"follow","max-snippet":"max-snippet:-1","max-image-preview":"max-image-preview:large","max-video-preview":"max-video-preview:-1"},"canonical":"https:\/\/portoexitgames.com\/es\/politica-de-cookies\/","twitter_misc":{"Tiempo de lectura":"6 minutos"},"schema":{"@context":"https:\/\/schema.org","@graph":[{"@type":"WebPage","@id":"https:\/\/portoexitgames.com\/es\/politica-de-cookies\/","url":"https:\/\/portoexitgames.com\/es\/politica-de-cookies\/","name":"Pol\u00edtica de cookies - Porto Exit Games","isPartOf":{"@id":"https:\/\/portoexitgames.com\/es\/#website"},"datePublished":"2018-08-20T12:32:49+00:00","breadcrumb":{"@id":"https:\/\/portoexitgames.com\/es\/politica-de-cookies\/#breadcrumb"},"inLanguage":"es","potentialAction":[{"@type":"ReadAction","target":["https:\/\/portoexitgames.com\/es\/politica-de-cookies\/"]}]},{"@type":"BreadcrumbList","@id":"https:\/\/portoexitgames.com\/es\/politica-de-cookies\/#breadcrumb","itemListElement":[{"@type":"ListItem","position":1,"name":"Home","item":"https:\/\/portoexitgames.com\/es\/home\/"},{"@type":"ListItem","position":2,"name":"Pol\u00edtica de cookies"}]},{"@type":"WebSite","@id":"https:\/\/portoexitgames.com\/es\/#website","url":"https:\/\/portoexitgames.com\/es\/","name":"Porto Exit Games","description":"Best Rated Room Escape Games in Porto","publisher":{"@id":"https:\/\/portoexitgames.com\/es\/#organization"},"potentialAction":[{"@type":"SearchAction","target":{"@type":"EntryPoint","urlTemplate":"https:\/\/portoexitgames.com\/es\/?s={search_term_string}"},"query-input":{"@type":"PropertyValueSpecification","valueRequired":true,"valueName":"search_term_string"}}],"inLanguage":"es"},{"@type":"Organization","@id":"https:\/\/portoexitgames.com\/es\/#organization","name":"Porto Exit Games","url":"https:\/\/portoexitgames.com\/es\/","logo":{"@type":"ImageObject","inLanguage":"es","@id":"https:\/\/portoexitgames.com\/es\/#\/schema\/logo\/image\/","url":"https:\/\/portoexitgames.com\/wp-content\/uploads\/2018\/03\/peg-logo-black.png","contentUrl":"https:\/\/portoexitgames.com\/wp-content\/uploads\/2018\/03\/peg-logo-black.png","width":"702","height":"310","caption":"Porto Exit Games"},"image":{"@id":"https:\/\/portoexitgames.com\/es\/#\/schema\/logo\/image\/"},"sameAs":["https:\/\/www.facebook.com\/PortoExitGames","https:\/\/www.instagram.com\/portoexitgames\/","https:\/\/www.youtube.com\/channel\/UCnbf1SL6uSrdDajKFsmdpUw"]}]}},"_links":{"self":[{"href":"https:\/\/portoexitgames.com\/es\/wp-json\/wp\/v2\/pages\/1730","targetHints":{"allow":["GET"]}}],"collection":[{"href":"https:\/\/portoexitgames.com\/es\/wp-json\/wp\/v2\/pages"}],"about":[{"href":"https:\/\/portoexitgames.com\/es\/wp-json\/wp\/v2\/types\/page"}],"author":[{"embeddable":true,"href":"https:\/\/portoexitgames.com\/es\/wp-json\/wp\/v2\/users\/1"}],"replies":[{"embeddable":true,"href":"https:\/\/portoexitgames.com\/es\/wp-json\/wp\/v2\/comments?post=1730"}],"version-history":[{"count":0,"href":"https:\/\/portoexitgames.com\/es\/wp-json\/wp\/v2\/pages\/1730\/revisions"}],"wp:attachment":[{"href":"https:\/\/portoexitgames.com\/es\/wp-json\/wp\/v2\/media?parent=1730"}],"curies":[{"name":"wp","href":"https:\/\/api.w.org\/{rel}","templated":true}]}}