{"id":1655,"date":"2018-08-16T11:20:15","date_gmt":"2018-08-16T10:20:15","guid":{"rendered":"https:\/\/portoexitgames.com\/?page_id=1655"},"modified":"2018-08-16T11:20:15","modified_gmt":"2018-08-16T10:20:15","slug":"reviews","status":"publish","type":"page","link":"https:\/\/portoexitgames.com\/es\/reviews\/","title":{"rendered":"Reviews"},"content":{"rendered":"[vc_row type=\u00bbfull_width_background\u00bb full_screen_row_position=\u00bbmiddle\u00bb equal_height=\u00bbyes\u00bb content_placement=\u00bbmiddle\u00bb bg_image=\u00bb966&#8243; bg_position=\u00bbleft top\u00bb bg_repeat=\u00bbno-repeat\u00bb scene_position=\u00bbcenter\u00bb text_color=\u00bblight\u00bb text_align=\u00bbleft\u00bb top_padding=\u00bb8%\u00bb bottom_padding=\u00bb8%\u00bb enable_gradient=\u00bbtrue\u00bb color_overlay=\u00bb#0a0a0a\u00bb color_overlay_2=\u00bb#f4c63a\u00bb gradient_direction=\u00bbleft_to_right\u00bb overlay_strength=\u00bb0.95&#8243; shape_divider_position=\u00bbbottom\u00bb shape_type=\u00bbtriangle\u00bb][vc_column column_padding=\u00bbno-extra-padding\u00bb column_padding_position=\u00bball\u00bb background_color_opacity=\u00bb1&#8243; background_hover_color_opacity=\u00bb1&#8243; column_shadow=\u00bbnone\u00bb column_border_radius=\u00bbnone\u00bb width=\u00bb5\/12&#8243; tablet_text_alignment=\u00bbdefault\u00bb phone_text_alignment=\u00bbdefault\u00bb column_border_width=\u00bbnone\u00bb column_border_style=\u00bbsolid\u00bb offset=\u00bbvc_col-xs-12&#8243;][vc_row_inner column_margin=\u00bbdefault\u00bb text_align=\u00bbleft\u00bb][vc_column_inner enable_animation=\u00bbtrue\u00bb animation=\u00bbfade-in-from-bottom\u00bb column_padding=\u00bbno-extra-padding\u00bb column_padding_position=\u00bball\u00bb background_color_opacity=\u00bb1&#8243; background_hover_color_opacity=\u00bb1&#8243; column_shadow=\u00bbnone\u00bb column_border_radius=\u00bbnone\u00bb width=\u00bb1\/1&#8243; column_border_width=\u00bbnone\u00bb column_border_style=\u00bbsolid\u00bb][vc_column_text css_animation=\u00bbnone\u00bb css=\u00bb.vc_custom_1534414666151\u00bb]\n<h5>\u00bfHas jugado alguno de nuestros juegos?<\/h5>\n[\/vc_column_text][vc_custom_heading text=\u00bb\u00a1Tu feedback es muy importante para nosotros!\u00bb use_theme_fonts=\u00bbyes\u00bb css_animation=\u00bbnone\u00bb][\/vc_column_inner][\/vc_row_inner][vc_row_inner column_margin=\u00bbdefault\u00bb text_align=\u00bbleft\u00bb][vc_column_inner enable_animation=\u00bbtrue\u00bb animation=\u00bbfade-in-from-bottom\u00bb column_padding=\u00bbno-extra-padding\u00bb column_padding_position=\u00bball\u00bb background_color_opacity=\u00bb1&#8243; background_hover_color_opacity=\u00bb1&#8243; column_shadow=\u00bbnone\u00bb column_border_radius=\u00bbnone\u00bb width=\u00bb1\/1&#8243; column_border_width=\u00bbnone\u00bb column_border_style=\u00bbsolid\u00bb delay=\u00bb50&#8243;][vc_custom_heading text=\u00bbLas cr\u00edticas de nuestros clientes nos dejan super motivadas para hacer cosas nuevas y tambi\u00e9n mejorar lo que puede ser mejorado. Es gracias a vosotros que hemos crecido y queremos que eso contin\u00fae. Escreverias sobre nosotros? :)\u00bb font_container=\u00bbtag:p|text_align:left|color:rgba(255%2C255%2C255%2C0.75)\u00bb use_theme_fonts=\u00bbyes\u00bb css_animation=\u00bbnone\u00bb][\/vc_column_inner][\/vc_row_inner][vc_row_inner column_margin=\u00bbdefault\u00bb text_align=\u00bbleft\u00bb][vc_column_inner enable_animation=\u00bbtrue\u00bb animation=\u00bbfade-in-from-bottom\u00bb column_padding=\u00bbno-extra-padding\u00bb column_padding_position=\u00bball\u00bb background_color_opacity=\u00bb1&#8243; background_hover_color_opacity=\u00bb1&#8243; column_shadow=\u00bbnone\u00bb column_border_radius=\u00bbnone\u00bb width=\u00bb1\/1&#8243; column_border_width=\u00bbnone\u00bb column_border_style=\u00bbsolid\u00bb][nectar_btn size=\u00bblarge\u00bb open_new_tab=\u00bbtrue\u00bb button_style=\u00bbregular\u00bb button_color_2=\u00bbAccent-Color\u00bb color_override=\u00bb#579444&#8243; icon_family=\u00bbdefault_arrow\u00bb url=\u00bbhttps:\/\/www.tripadvisor.com.br\/WidgetEmbed-collectreview?partnerId=ReviewCollect&amp;locationId=7276587&amp;lang=pt&amp;data=bzp9U80qbSMZa60zpZSMax0ABew0chP9LG1TDa8R05riicv-gMVoZTYgwftdY-AQtJZJxWFxlgA&amp;display=true&amp;attrMCID=10568&amp;rexId=8844283&amp;allowMobile\u00bb text=\u00bbHaga su opini\u00f3n\u00bb margin_top=\u00bb25&#8243;][\/vc_column_inner][\/vc_row_inner][\/vc_column][vc_column column_padding=\u00bbno-extra-padding\u00bb column_padding_position=\u00bball\u00bb background_color_opacity=\u00bb1&#8243; background_hover_color_opacity=\u00bb1&#8243; column_shadow=\u00bbnone\u00bb column_border_radius=\u00bbnone\u00bb width=\u00bb1\/12&#8243; tablet_text_alignment=\u00bbdefault\u00bb phone_text_alignment=\u00bbdefault\u00bb column_border_width=\u00bbnone\u00bb column_border_style=\u00bbsolid\u00bb offset=\u00bbvc_col-xs-12&#8243;][\/vc_column][vc_column column_padding=\u00bbno-extra-padding\u00bb column_padding_position=\u00bball\u00bb background_color_opacity=\u00bb1&#8243; background_hover_color_opacity=\u00bb1&#8243; column_shadow=\u00bbnone\u00bb column_border_radius=\u00bbnone\u00bb width=\u00bb1\/2&#8243; tablet_text_alignment=\u00bbdefault\u00bb phone_text_alignment=\u00bbdefault\u00bb column_border_width=\u00bbnone\u00bb column_border_style=\u00bbsolid\u00bb offset=\u00bbvc_col-xs-12&#8243;][image_with_animation image_url=\u00bb1478&#8243; alignment=\u00bb\u00bb animation=\u00bbGrow In\u00bb border_radius=\u00bb10px\u00bb box_shadow=\u00bbnone\u00bb max_width=\u00bb100%\u00bb][\/vc_column][\/vc_row][vc_row type=\u00bbfull_width_background\u00bb full_screen_row_position=\u00bbmiddle\u00bb bg_color=\u00bb#ffffff\u00bb scene_position=\u00bbcenter\u00bb text_color=\u00bbdark\u00bb text_align=\u00bbleft\u00bb overlay_strength=\u00bb0.3&#8243; shape_divider_position=\u00bbbottom\u00bb shape_type=\u00bb\u00bb][vc_column column_padding=\u00bbno-extra-padding\u00bb column_padding_position=\u00bball\u00bb background_color_opacity=\u00bb1&#8243; background_hover_color_opacity=\u00bb1&#8243; column_shadow=\u00bbnone\u00bb column_border_radius=\u00bbnone\u00bb width=\u00bb1\/6&#8243; tablet_text_alignment=\u00bbdefault\u00bb phone_text_alignment=\u00bbdefault\u00bb column_border_width=\u00bbnone\u00bb column_border_style=\u00bbsolid\u00bb][vc_column_text]\n[\/vc_column_text][\/vc_column][vc_column column_padding=\u00bbno-extra-padding\u00bb column_padding_position=\u00bball\u00bb background_color_opacity=\u00bb1&#8243; background_hover_color_opacity=\u00bb1&#8243; column_shadow=\u00bbnone\u00bb column_border_radius=\u00bbnone\u00bb width=\u00bb2\/3&#8243; tablet_text_alignment=\u00bbdefault\u00bb phone_text_alignment=\u00bbdefault\u00bb column_border_width=\u00bbnone\u00bb column_border_style=\u00bbsolid\u00bb][divider line_type=\u00bbNo Line\u00bb custom_height=\u00bb50&#8243;][vc_raw_html]JTNDY2VudGVyJTNFJTBBJTNDaWZyYW1lJTIwd2lkdGglM0QlMjIxMDAlMjUlMjIlMjBoZWlnaHQlM0QlMjI4MDAlMjIlMjBzcmMlM0QlMjJodHRwcyUzQSUyRiUyRnd3dy50cmlwYWR2aXNvci5jb20uYnIlMkZXaWRnZXRFbWJlZC1jb2xsZWN0cmV2aWV3JTNGcGFydG5lcklkJTNEUmV2aWV3Q29sbGVjdCUyNmxvY2F0aW9uSWQlM0Q3Mjc2NTg3JTI2bGFuZyUzRHB0JTI2ZGF0YSUzRGJ6cDlVODBxYlNNWmE2MHpwWlNNYXgwQUJldzBjaFA5TEcxVERhOFIwNXJpaWN2LWdNVm9aVFlnd2Z0ZFktQVF0SlpKeFdGeGxnQSUyNmRpc3BsYXklM0R0cnVlJTI2YXR0ck1DSUQlM0QxMDU2OCUyNnJleElkJTNEODg0NDI4MyUyNmFsbG93TW9iaWxlJTIyJTNFJTNDJTJGaWZyYW1lJTNFJTBBJTNDJTJGY2VudGVyJTNFJTBB[\/vc_raw_html][\/vc_column][vc_column column_padding=\u00bbno-extra-padding\u00bb column_padding_position=\u00bball\u00bb background_color_opacity=\u00bb1&#8243; background_hover_color_opacity=\u00bb1&#8243; column_shadow=\u00bbnone\u00bb column_border_radius=\u00bbnone\u00bb width=\u00bb1\/6&#8243; tablet_text_alignment=\u00bbdefault\u00bb phone_text_alignment=\u00bbdefault\u00bb column_border_width=\u00bbnone\u00bb column_border_style=\u00bbsolid\u00bb][vc_column_text]\n[\/vc_column_text][\/vc_column][\/vc_row]\n","protected":false},"excerpt":{"rendered":"<p>[vc_row type=\u00bbfull_width_background\u00bb full_screen_row_position=\u00bbmiddle\u00bb equal_height=\u00bbyes\u00bb content_placement=\u00bbmiddle\u00bb bg_image=\u00bb966&#8243; bg_position=\u00bbleft top\u00bb bg_repeat=\u00bbno-repeat\u00bb scene_position=\u00bbcenter\u00bb text_color=\u00bblight\u00bb text_align=\u00bbleft\u00bb top_padding=\u00bb8%\u00bb bottom_padding=\u00bb8%\u00bb enable_gradient=\u00bbtrue\u00bb color_overlay=\u00bb#0a0a0a\u00bb color_overlay_2=\u00bb#f4c63a\u00bb gradient_direction=\u00bbleft_to_right\u00bb overlay_strength=\u00bb0.95&#8243; shape_divider_position=\u00bbbottom\u00bb shape_type=\u00bbtriangle\u00bb][vc_column column_padding=\u00bbno-extra-padding\u00bb column_padding_position=\u00bball\u00bb background_color_opacity=\u00bb1&#8243; background_hover_color_opacity=\u00bb1&#8243; column_shadow=\u00bbnone\u00bb column_border_radius=\u00bbnone\u00bb width=\u00bb5\/12&#8243; tablet_text_alignment=\u00bbdefault\u00bb phone_text_alignment=\u00bbdefault\u00bb&#8230;<\/p>\n","protected":false},"author":1,"featured_media":0,"parent":0,"menu_order":0,"comment_status":"closed","ping_status":"closed","template":"","meta":{"iawp_total_views":10,"footnotes":""},"class_list":["post-1655","page","type-page","status-publish"],"yoast_head":"<!-- This site is optimized with the Yoast SEO plugin v27.5 - https:\/\/yoast.com\/product\/yoast-seo-wordpress\/ -->\n<title>Reviews - Porto Exit Games<\/title>\n<meta name=\"robots\" content=\"index, follow, max-snippet:-1, max-image-preview:large, max-video-preview:-1\" \/>\n<link rel=\"canonical\" href=\"https:\/\/portoexitgames.com\/es\/reviews\/\" \/>\n<meta name=\"twitter:label1\" content=\"Tiempo de lectura\" \/>\n\t<meta name=\"twitter:data1\" content=\"4 minutos\" \/>\n<script type=\"application\/ld+json\" class=\"yoast-schema-graph\">{\"@context\":\"https:\\\/\\\/schema.org\",\"@graph\":[{\"@type\":\"WebPage\",\"@id\":\"https:\\\/\\\/portoexitgames.com\\\/es\\\/reviews\\\/\",\"url\":\"https:\\\/\\\/portoexitgames.com\\\/es\\\/reviews\\\/\",\"name\":\"Reviews - Porto Exit Games\",\"isPartOf\":{\"@id\":\"https:\\\/\\\/portoexitgames.com\\\/es\\\/#website\"},\"datePublished\":\"2018-08-16T10:20:15+00:00\",\"breadcrumb\":{\"@id\":\"https:\\\/\\\/portoexitgames.com\\\/es\\\/reviews\\\/#breadcrumb\"},\"inLanguage\":\"es\",\"potentialAction\":[{\"@type\":\"ReadAction\",\"target\":[\"https:\\\/\\\/portoexitgames.com\\\/es\\\/reviews\\\/\"]}]},{\"@type\":\"BreadcrumbList\",\"@id\":\"https:\\\/\\\/portoexitgames.com\\\/es\\\/reviews\\\/#breadcrumb\",\"itemListElement\":[{\"@type\":\"ListItem\",\"position\":1,\"name\":\"Home\",\"item\":\"https:\\\/\\\/portoexitgames.com\\\/es\\\/home\\\/\"},{\"@type\":\"ListItem\",\"position\":2,\"name\":\"Reviews\"}]},{\"@type\":\"WebSite\",\"@id\":\"https:\\\/\\\/portoexitgames.com\\\/es\\\/#website\",\"url\":\"https:\\\/\\\/portoexitgames.com\\\/es\\\/\",\"name\":\"Porto Exit Games\",\"description\":\"Best Rated Room Escape Games in Porto\",\"publisher\":{\"@id\":\"https:\\\/\\\/portoexitgames.com\\\/es\\\/#organization\"},\"potentialAction\":[{\"@type\":\"SearchAction\",\"target\":{\"@type\":\"EntryPoint\",\"urlTemplate\":\"https:\\\/\\\/portoexitgames.com\\\/es\\\/?s={search_term_string}\"},\"query-input\":{\"@type\":\"PropertyValueSpecification\",\"valueRequired\":true,\"valueName\":\"search_term_string\"}}],\"inLanguage\":\"es\"},{\"@type\":\"Organization\",\"@id\":\"https:\\\/\\\/portoexitgames.com\\\/es\\\/#organization\",\"name\":\"Porto Exit Games\",\"url\":\"https:\\\/\\\/portoexitgames.com\\\/es\\\/\",\"logo\":{\"@type\":\"ImageObject\",\"inLanguage\":\"es\",\"@id\":\"https:\\\/\\\/portoexitgames.com\\\/es\\\/#\\\/schema\\\/logo\\\/image\\\/\",\"url\":\"https:\\\/\\\/portoexitgames.com\\\/wp-content\\\/uploads\\\/2018\\\/03\\\/peg-logo-black.png\",\"contentUrl\":\"https:\\\/\\\/portoexitgames.com\\\/wp-content\\\/uploads\\\/2018\\\/03\\\/peg-logo-black.png\",\"width\":\"702\",\"height\":\"310\",\"caption\":\"Porto Exit Games\"},\"image\":{\"@id\":\"https:\\\/\\\/portoexitgames.com\\\/es\\\/#\\\/schema\\\/logo\\\/image\\\/\"},\"sameAs\":[\"https:\\\/\\\/www.facebook.com\\\/PortoExitGames\",\"https:\\\/\\\/www.instagram.com\\\/portoexitgames\\\/\",\"https:\\\/\\\/www.youtube.com\\\/channel\\\/UCnbf1SL6uSrdDajKFsmdpUw\"]}]}<\/script>\n<!-- \/ Yoast SEO plugin. -->","yoast_head_json":{"title":"Reviews - Porto Exit Games","robots":{"index":"index","follow":"follow","max-snippet":"max-snippet:-1","max-image-preview":"max-image-preview:large","max-video-preview":"max-video-preview:-1"},"canonical":"https:\/\/portoexitgames.com\/es\/reviews\/","twitter_misc":{"Tiempo de lectura":"4 minutos"},"schema":{"@context":"https:\/\/schema.org","@graph":[{"@type":"WebPage","@id":"https:\/\/portoexitgames.com\/es\/reviews\/","url":"https:\/\/portoexitgames.com\/es\/reviews\/","name":"Reviews - Porto Exit Games","isPartOf":{"@id":"https:\/\/portoexitgames.com\/es\/#website"},"datePublished":"2018-08-16T10:20:15+00:00","breadcrumb":{"@id":"https:\/\/portoexitgames.com\/es\/reviews\/#breadcrumb"},"inLanguage":"es","potentialAction":[{"@type":"ReadAction","target":["https:\/\/portoexitgames.com\/es\/reviews\/"]}]},{"@type":"BreadcrumbList","@id":"https:\/\/portoexitgames.com\/es\/reviews\/#breadcrumb","itemListElement":[{"@type":"ListItem","position":1,"name":"Home","item":"https:\/\/portoexitgames.com\/es\/home\/"},{"@type":"ListItem","position":2,"name":"Reviews"}]},{"@type":"WebSite","@id":"https:\/\/portoexitgames.com\/es\/#website","url":"https:\/\/portoexitgames.com\/es\/","name":"Porto Exit Games","description":"Best Rated Room Escape Games in Porto","publisher":{"@id":"https:\/\/portoexitgames.com\/es\/#organization"},"potentialAction":[{"@type":"SearchAction","target":{"@type":"EntryPoint","urlTemplate":"https:\/\/portoexitgames.com\/es\/?s={search_term_string}"},"query-input":{"@type":"PropertyValueSpecification","valueRequired":true,"valueName":"search_term_string"}}],"inLanguage":"es"},{"@type":"Organization","@id":"https:\/\/portoexitgames.com\/es\/#organization","name":"Porto Exit Games","url":"https:\/\/portoexitgames.com\/es\/","logo":{"@type":"ImageObject","inLanguage":"es","@id":"https:\/\/portoexitgames.com\/es\/#\/schema\/logo\/image\/","url":"https:\/\/portoexitgames.com\/wp-content\/uploads\/2018\/03\/peg-logo-black.png","contentUrl":"https:\/\/portoexitgames.com\/wp-content\/uploads\/2018\/03\/peg-logo-black.png","width":"702","height":"310","caption":"Porto Exit Games"},"image":{"@id":"https:\/\/portoexitgames.com\/es\/#\/schema\/logo\/image\/"},"sameAs":["https:\/\/www.facebook.com\/PortoExitGames","https:\/\/www.instagram.com\/portoexitgames\/","https:\/\/www.youtube.com\/channel\/UCnbf1SL6uSrdDajKFsmdpUw"]}]}},"_links":{"self":[{"href":"https:\/\/portoexitgames.com\/es\/wp-json\/wp\/v2\/pages\/1655","targetHints":{"allow":["GET"]}}],"collection":[{"href":"https:\/\/portoexitgames.com\/es\/wp-json\/wp\/v2\/pages"}],"about":[{"href":"https:\/\/portoexitgames.com\/es\/wp-json\/wp\/v2\/types\/page"}],"author":[{"embeddable":true,"href":"https:\/\/portoexitgames.com\/es\/wp-json\/wp\/v2\/users\/1"}],"replies":[{"embeddable":true,"href":"https:\/\/portoexitgames.com\/es\/wp-json\/wp\/v2\/comments?post=1655"}],"version-history":[{"count":0,"href":"https:\/\/portoexitgames.com\/es\/wp-json\/wp\/v2\/pages\/1655\/revisions"}],"wp:attachment":[{"href":"https:\/\/portoexitgames.com\/es\/wp-json\/wp\/v2\/media?parent=1655"}],"curies":[{"name":"wp","href":"https:\/\/api.w.org\/{rel}","templated":true}]}}